{"id":134,"date":"2018-01-30T09:48:39","date_gmt":"2018-01-30T08:48:39","guid":{"rendered":"http:\/\/bridge143.qodeinteractive.com\/?page_id=134"},"modified":"2025-08-28T14:49:46","modified_gmt":"2025-08-28T12:49:46","slug":"om-elisabeth","status":"publish","type":"page","link":"https:\/\/ohlson.se\/index.php\/om-elisabeth\/","title":{"rendered":"Om Elisabeth"},"content":{"rendered":"<div class=\"wpb-content-wrapper\"><p>[vc_row css_animation=&#8221;&#8221; row_type=&#8221;row&#8221; use_row_as_full_screen_section=&#8221;no&#8221; type=&#8221;full_width&#8221; angled_section=&#8221;no&#8221; text_align=&#8221;left&#8221; background_image_as_pattern=&#8221;without_pattern&#8221;][vc_column][vc_single_image image=&#8221;419&#8243; img_size=&#8221;full&#8221; qode_css_animation=&#8221;element_from_fade&#8221;][vc_column_text]<\/p>\n<p style=\"text-align: center;\"><em>Nedbrunnen mosk\u00e9 i Stockholm.<\/em><\/p>\n<p>[\/vc_column_text][\/vc_column][\/vc_row][vc_row css_animation=&#8221;&#8221; row_type=&#8221;row&#8221; use_row_as_full_screen_section=&#8221;no&#8221; type=&#8221;full_width&#8221; angled_section=&#8221;no&#8221; text_align=&#8221;left&#8221; background_image_as_pattern=&#8221;without_pattern&#8221; css=&#8221;.vc_custom_1576069819678{background-position: 0 0 !important;background-repeat: no-repeat !important;}&#8221; z_index=&#8221;&#8221;][vc_column][vc_empty_space height=&#8221;72px&#8221;][vc_row_inner row_type=&#8221;row&#8221; type=&#8221;grid&#8221; text_align=&#8221;left&#8221; css_animation=&#8221;&#8221;][vc_column_inner width=&#8221;1\/2&#8243;][vc_single_image image=&#8221;627&#8243; img_size=&#8221;full&#8221; qode_css_animation=&#8221;element_from_fade&#8221;][\/vc_column_inner][vc_column_inner width=&#8221;1\/2&#8243;][vc_column_text]<\/p>\n<h4>fotograf<\/h4>\n<p>[\/vc_column_text][vc_column_text]<\/p>\n<h2>Elisabeth Ohlson<\/h2>\n<p>[\/vc_column_text][vc_empty_space height=&#8221;23px&#8221;][vc_column_text css=&#8221;&#8221;]Elisabeth Ohlson f\u00f6ddes 1961 i Skara och avled i Stockholm 2024. Elisabeth b\u00f6rjade arbeta som dagstidningsfotograf 1980. Hennes konstn\u00e4rliga genombrott skedde med fotoutst\u00e4llningen Ecce Homo 1998. Den visade Jesus i s\u00e4llskap med hbtq-personer och v\u00e4ckte mycket starka k\u00e4nslor.<\/p>\n<p>Vernissagen tog plats i Uppsala Domkyrka, vilket resulterade i bombhot och att P\u00e5ven st\u00e4llde in en planerad audiens f\u00f6r Sveriges d\u00e5varande \u00e4rkebiskop K-G Hammar. Ecce Homo turnerade i Sverige och i Europa under tv\u00e5 \u00e5r. P\u00e5 m\u00e5nga platser f\u00f6rekom upplopp, demonstrationer och mordhot.<\/p>\n<p data-start=\"130\" data-end=\"549\">I sitt konstn\u00e4rskap arbetade Elisabeth Ohlson oftast med en dokument\u00e4r tradition i botten. Hon adderade sedan fiction till bilderna. Modellerna regisserades och arrangerades minuti\u00f6st, s\u00e5 att budskapet skulle g\u00e5 fram. Elisabeths stora inspirationsk\u00e4llor fanns i de gamla bibliska m\u00e5lningarna av Caravaggio och Artemisia Gentileschi. Dessa barockens m\u00e4stare inspirerade hennes utst\u00e4llning <em data-start=\"518\" data-end=\"536\">In Hate We Trust<\/em> fr\u00e5n 2007.<\/p>\n<p data-start=\"551\" data-end=\"1031\">Att synligg\u00f6ra or\u00e4ttvisor och n\u00e4r n\u00e5got var fel f\u00f6r den enskilda m\u00e4nniskan gick som en r\u00f6d tr\u00e5d genom Ohlsons bilder. \u00c5r 2010 \u00e5kte hon till Jerusalem och skapade 15 bilder som visade hbtq-personers k\u00e4rlek i staden. Utst\u00e4llningen premi\u00e4rvisades p\u00e5 V\u00e4rldskulturmuseet i G\u00f6teborg, men f\u00f6rst efter att museiledningen hade tagit bort en bild som visade tre homosexuella muslimer be. V\u00e4rldskulturmuseet var r\u00e4dda f\u00f6r en terrorattack och l\u00e4t alla bes\u00f6kare passera en s\u00e4kerhetskontroll.<\/p>\n<p data-start=\"1033\" data-end=\"1460\">Ett annat omtalat verk av Elisabeth Ohlson kom 2012 och visade Kung Carl XVI Gustaf med sina manliga v\u00e4nner som \u00e5t pizza p\u00e5 Camilla Henemarks nakna kropp. Bredvid syntes en skurande Drottning Silvia som f\u00f6rs\u00f6kte f\u00e5 bort ett hakkors i parketten. Drottningen anm\u00e4lde flera tidningar som publicerade bilden. Det blev en stor debatt om hur l\u00e5ngt satir f\u00e5r g\u00e5. Efter detta tumult gav Elisabeth ut en dokument\u00e4r fotobok om Sverige.<\/p>\n<p data-start=\"1462\" data-end=\"1648\">Elisabeth arbetade \u00e4ven med kommersiellt och redaktionellt foto. Hon specialiserade sig p\u00e5 att ta starka portr\u00e4tt och hade uppdrag f\u00f6r bokf\u00f6rlag, tidningar, f\u00f6retag och organisationer.<\/p>\n<p>[\/vc_column_text][vc_empty_space height=&#8221;23px&#8221;][vc_column_text]<em>Representerad p\u00e5:<\/em><\/p>\n<p>National Museum<br \/>\nArbetets Museum<br \/>\nDalarnas Museum<br \/>\nModerna Museet, P\u00e4rnu Estland<br \/>\nV\u00e4steg\u00f6tlands museum[\/vc_column_text][vc_empty_space height=&#8221;23px&#8221;][\/vc_column_inner][\/vc_row_inner][\/vc_column][\/vc_row][vc_row css_animation=&#8221;&#8221; row_type=&#8221;row&#8221; use_row_as_full_screen_section=&#8221;no&#8221; type=&#8221;full_width&#8221; angled_section=&#8221;no&#8221; text_align=&#8221;center&#8221; background_image_as_pattern=&#8221;without_pattern&#8221; z_index=&#8221;&#8221;][vc_column][vc_single_image image=&#8221;721&#8243; img_size=&#8221;full&#8221; alignment=&#8221;center&#8221; qode_css_animation=&#8221;element_from_fade&#8221;][\/vc_column][\/vc_row]<\/p>\n<\/div>","protected":false},"excerpt":{"rendered":"<p>[vc_row css_animation=&#8221;&#8221; row_type=&#8221;row&#8221; use_row_as_full_screen_section=&#8221;no&#8221; type=&#8221;full_width&#8221; angled_section=&#8221;no&#8221; text_align=&#8221;left&#8221; background_image_as_pattern=&#8221;without_pattern&#8221;][vc_column][vc_single_image image=&#8221;419&#8243; img_size=&#8221;full&#8221; qode_css_animation=&#8221;element_from_fade&#8221;][vc_column_text] Nedbrunnen mosk\u00e9 i Stockholm. [\/vc_column_text][\/vc_column][\/vc_row][vc_row css_animation=&#8221;&#8221; row_type=&#8221;row&#8221; use_row_as_full_screen_section=&#8221;no&#8221; type=&#8221;full_width&#8221; angled_section=&#8221;no&#8221; text_align=&#8221;left&#8221; background_image_as_pattern=&#8221;without_pattern&#8221; css=&#8221;.vc_custom_1576069819678{background-position: 0 0 !important;background-repeat: no-repeat !important;}&#8221; z_index=&#8221;&#8221;][vc_column][vc_empty_space height=&#8221;72px&#8221;][vc_row_inner row_type=&#8221;row&#8221; type=&#8221;grid&#8221; text_align=&#8221;left&#8221; css_animation=&#8221;&#8221;][vc_column_inner width=&#8221;1\/2&#8243;][vc_single_image image=&#8221;627&#8243; img_size=&#8221;full&#8221; qode_css_animation=&#8221;element_from_fade&#8221;][\/vc_column_inner][vc_column_inner width=&#8221;1\/2&#8243;][vc_column_text] fotograf [\/vc_column_text][vc_column_text] Elisabeth Ohlson [\/vc_column_text][vc_empty_space&#8230;<\/p>\n","protected":false},"author":1,"featured_media":0,"parent":0,"menu_order":0,"comment_status":"closed","ping_status":"closed","template":"full_width.php","meta":{"footnotes":""},"class_list":["post-134","page","type-page","status-publish","hentry"],"_links":{"self":[{"href":"https:\/\/ohlson.se\/index.php\/wp-json\/wp\/v2\/pages\/134","targetHints":{"allow":["GET"]}}],"collection":[{"href":"https:\/\/ohlson.se\/index.php\/wp-json\/wp\/v2\/pages"}],"about":[{"href":"https:\/\/ohlson.se\/index.php\/wp-json\/wp\/v2\/types\/page"}],"author":[{"embeddable":true,"href":"https:\/\/ohlson.se\/index.php\/wp-json\/wp\/v2\/users\/1"}],"replies":[{"embeddable":true,"href":"https:\/\/ohlson.se\/index.php\/wp-json\/wp\/v2\/comments?post=134"}],"version-history":[{"count":25,"href":"https:\/\/ohlson.se\/index.php\/wp-json\/wp\/v2\/pages\/134\/revisions"}],"predecessor-version":[{"id":760,"href":"https:\/\/ohlson.se\/index.php\/wp-json\/wp\/v2\/pages\/134\/revisions\/760"}],"wp:attachment":[{"href":"https:\/\/ohlson.se\/index.php\/wp-json\/wp\/v2\/media?parent=134"}],"curies":[{"name":"wp","href":"https:\/\/api.w.org\/{rel}","templated":true}]}}