{"id":643,"date":"2020-03-14T14:39:16","date_gmt":"2020-03-14T13:39:16","guid":{"rendered":"http:\/\/ohlson.se\/?page_id=643"},"modified":"2020-03-14T14:43:52","modified_gmt":"2020-03-14T13:43:52","slug":"altartavlan","status":"publish","type":"page","link":"https:\/\/ohlson.se\/index.php\/altartavlan\/","title":{"rendered":"Altartavlan"},"content":{"rendered":"<div class=\"wpb-content-wrapper\"><p>[vc_row css_animation=&#8221;&#8221; row_type=&#8221;row&#8221; use_row_as_full_screen_section=&#8221;yes&#8221; type=&#8221;full_width&#8221; angled_section=&#8221;no&#8221; text_align=&#8221;left&#8221; background_image_as_pattern=&#8221;without_pattern&#8221; background_image=&#8221;580&#8243; css=&#8221;.vc_custom_1576055865524{padding-top: 58px !important;padding-bottom: 50px !important;background-color: #828282 !important;}&#8221; z_index=&#8221;&#8221;][vc_column][vc_empty_space height=&#8221;500px&#8221;][vc_column_text css=&#8221;.vc_custom_1576066651671{padding-top: 14px !important;padding-right: 20px !important;padding-bottom: 14px !important;padding-left: 20px !important;background-color: #000000 !important;}&#8221;]<\/p>\n<h2 style=\"text-align: center;\"><a href=\"http:\/\/ohlson.se\/br\/wp-content\/uploads\/2019\/12\/Tavlan-Paradiset-f\u00e5r-en-slutgiltig-placering-utanf\u00f6r-kyrkorummet_2019.pdf\" target=\"_blank\" rel=\"noopener noreferrer\"><strong><span style=\"color: #ffffff;\">Altartavlan tas ned, se pressmeddelande fr\u00e5n Svenska Kyrkan.<\/span><\/strong><\/a><\/h2>\n<p>[\/vc_column_text][vc_empty_space height=&#8221;400px&#8221;][\/vc_column][\/vc_row][vc_row css_animation=&#8221;&#8221; row_type=&#8221;row&#8221; use_row_as_full_screen_section=&#8221;no&#8221; type=&#8221;grid&#8221; angled_section=&#8221;no&#8221; text_align=&#8221;center&#8221; background_image_as_pattern=&#8221;without_pattern&#8221; css=&#8221;.vc_custom_1584193452459{padding-top: 58px !important;padding-bottom: 50px !important;}&#8221; z_index=&#8221;&#8221;][vc_column][vc_row_inner row_type=&#8221;row&#8221; type=&#8221;grid&#8221; text_align=&#8221;left&#8221; css_animation=&#8221;&#8221;][vc_column_inner width=&#8221;1\/3&#8243;][vc_column_text]<\/p>\n<h2><strong>Pressmeddelande fr\u00e5n Svenska Kyrkan:<\/strong><\/h2>\n<p>[\/vc_column_text][vc_empty_space height=&#8221;4px&#8221;][vc_empty_space height=&#8221;4px&#8221;][vc_column_text css=&#8221;.vc_custom_1576066814305{padding-top: 24px !important;padding-right: 24px !important;padding-bottom: 24px !important;padding-left: 24px !important;background-color: #ffffff !important;}&#8221;]<\/p>\n<p style=\"text-align: left;\"><a href=\"http:\/\/ohlson.se\/br\/wp-content\/uploads\/2019\/12\/Tavlan-Paradiset-f\u00e5r-en-slutgiltig-placering-utanf\u00f6r-kyrkorummet_2019.pdf\" target=\"_blank\" rel=\"noopener noreferrer\"><strong>Altartavlan tas ned, se pressmeddelande fr\u00e5n Svenska Kyrkan.<\/strong><\/a><\/p>\n<p>[\/vc_column_text][vc_empty_space][\/vc_column_inner][vc_column_inner width=&#8221;1\/3&#8243;][vc_column_text]<\/p>\n<h2><strong>Publicerat om Paradiset som Altartavla (i urval):<\/strong><\/h2>\n<p>[\/vc_column_text][vc_empty_space height=&#8221;4px&#8221;][vc_empty_space height=&#8221;4px&#8221;][vc_column_text css=&#8221;.vc_custom_1576141738745{padding-top: 24px !important;padding-right: 24px !important;padding-bottom: 24px !important;padding-left: 24px !important;background-color: #ffffff !important;}&#8221;]<a href=\"https:\/\/sverigesradio.se\/sida\/artikel.aspx?programid=1650&amp;artikel=7365785\" target=\"_blank\" rel=\"noopener noreferrer\"><strong>&#8221;Paradiset&#8221; tas ner &#8211; sr.se (12\/12)<\/strong><\/a><\/p>\n<p class=\"article__title\"><a href=\"https:\/\/www.dn.se\/kultur-noje\/kent-wisti-lat-sveriges-forsta-hbtq-altartavla-fa-hanga-kvar\/?utm_campaign=dn_prio_kvall&amp;utm_medium=email&amp;utm_source=nyhetsbrev&amp;utm_content=\" target=\"_blank\" rel=\"noopener noreferrer\"><strong>Kent Wisti: L\u00e5t Sveriges f\u00f6rsta hbtq-altartavla f\u00e5 h\u00e4nga kvar &#8211;\u00a0<\/strong><b>DN.se (11\/12)<\/b><\/a><\/p>\n<p><a href=\"https:\/\/www.dn.se\/kultur-noje\/svenska-kyrkan-andrar-sig-om-hbtq-altartavla\/\" target=\"_blank\" rel=\"noopener noreferrer\"><strong>Svenska kyrkan \u00e4ndrar sig om hbtq-altartavla &#8211;\u00a0<\/strong><b>DN.se (11\/12)<\/b><\/a><\/p>\n<p><a href=\"https:\/\/www.expressen.se\/kvallsposten\/nu-flyttas-hbtq-tavlan-har-ar-kyrkans-forklaring\/\" target=\"_blank\" rel=\"noopener noreferrer\"><strong>Nu flyttas HBTQ-tavlan \u2013 h\u00e4r \u00e4r kyrkans f\u00f6rklaring &#8211; expressen.se (11\/12)<\/strong><\/a><\/p>\n<p class=\"nyh_article__heading\"><a href=\"https:\/\/www.svt.se\/nyheter\/lokalt\/skane\/biskopen-tavlan-kan-tolkas-som-hbtq-negativ\" target=\"_blank\" rel=\"noopener noreferrer\"><strong>Efter kritiken \u2013 kontroversiell tavla flyttas fr\u00e5n kyrkorummet &#8211; svt.se (11\/12)<\/strong><\/a><\/p>\n<p class=\"wordwrap\"><a href=\"https:\/\/www.dagen.se\/nyheter\/beslut-fattat-om-kontroversiella-hbtq-tavlan-paradiset-i-malmo-1.1631675?paywall=true\" target=\"_blank\" rel=\"noopener noreferrer\"><strong>Beslut fattat om kontroversiella hbtq-tavlan Paradiset i Malm\u00f6 &#8211; dagen.se (11\/12)<\/strong><\/a><\/p>\n<p class=\"_11S-G\" data-test-id=\"headline\"><a href=\"https:\/\/www.aftonbladet.se\/nyheter\/a\/50v95b\/ny-kritik-mot-paradiset-i-st-petri-hor-inte-hemma-i-kyrkan\" target=\"_blank\" rel=\"noopener noreferrer\"><strong>Ny kritik mot Paradiset i S:t Petri: \u201dH\u00f6r inte hemma i kyrkan\u201d &#8211;\u00a0<\/strong><b>Aftonbladet.se (11\/12)<\/b><\/a><\/p>\n<p class=\"wordwrap\"><a href=\"https:\/\/www.dagen.se\/nyheter\/elisabeth-ohlson-jag-tror-inte-att-min-tavla-far-hanga-kvar-i-s-t-pauli-kyrka-1.1630697?paywall=true\" target=\"_blank\" rel=\"noopener noreferrer\"><strong>Elisabeth Ohlson: Jag tror inte att min tavla f\u00e5r h\u00e4nga kvar i S:t Pauli kyrka &#8211; dagen.se<\/strong><\/a><\/p>\n<p class=\"article-heading\"><a href=\"https:\/\/www.sydsvenskan.se\/2019-12-10\/lundabiskopen-ar-skeptisk-till-hbtq-altartavlan-i-malmo\" target=\"_blank\" rel=\"noopener noreferrer\"><strong>Lundabiskopen \u00e4r skeptisk till hbtq-altartavlan i Malm\u00f6 &#8211; sydsvenskan.se (10\/12)<\/strong><\/a><\/p>\n<p class=\"nyh_article__heading\"><a href=\"https:\/\/www.svt.se\/nyheter\/lokalt\/skane\/har-invigs-sveriges-forsta-hbtq-altartavla-i-s-t-pauli-kyrka-i-malmo\" target=\"_blank\" rel=\"noopener noreferrer\"><strong>H\u00e4r invigs hbtq-tavlan i S:t Pauli kyrka i Malm\u00f6 &#8211; svt.se (2\/12)<\/strong><\/a><\/p>\n<p class=\"_11S-G\" data-test-id=\"headline\"><a href=\"https:\/\/www.aftonbladet.se\/nyheter\/a\/701Q7o\/kontroversiell-altartavla-invigs-i-malmo\" target=\"_blank\" rel=\"noopener noreferrer\"><strong>Kontroversiell altartavla invigs i Malm\u00f6 &#8211; Aftonbladet.se (1\/12)<\/strong><\/a><\/p>\n<p><a href=\"https:\/\/www.varldenidag.se\/nyheter\/kyrka-invigde-omstridd-hbtq-altartavla-pa-forsta-advent\/repslb!898Xg8tnwtJLMxmLvBy4Lw\/\" target=\"_blank\" rel=\"noopener noreferrer\"><strong>Kyrka invigde omstridd hbtq-altartavla p\u00e5 f\u00f6rsta advent &#8211; V\u00e4rldenidag.se (2\/12)<\/strong><\/a><\/p>\n<p class=\"entry-title\"><a href=\"https:\/\/samnytt.se\/svenska-kyrkan-inviger-ny-altartavla-hbtq-paradis-ersatter-adam-och-eva\/\" target=\"_blank\" rel=\"noopener noreferrer\"><strong>Svenska kyrkan inviger ny altartavla: HBTQ-paradis ers\u00e4tter Adam och Eva &#8211; samnytt.se (1\/12)<\/strong><\/a><\/p>\n<p class=\"wordwrap\"><a href=\"https:\/\/www.dagen.se\/debatt\/johan-eddebo-hbtq-altartavlan-missar-sitt-eget-budskap-1.1628933\" target=\"_blank\" rel=\"noopener noreferrer\"><strong>Hbtq-altartavlan missar sitt eget budskap &#8211; dagen.se (6\/12)<\/strong><\/a><\/p>\n<p class=\"article-header\"><a href=\"https:\/\/www.unt.se\/nyheter\/tack-vare-ecce-homo-har-vi-kommit-en-bit-5464769.aspx\" target=\"_blank\" rel=\"noopener noreferrer\"><strong>Tack vare Ecce homo har vi kommit en bit &#8211; unt.se<\/strong><\/a><\/p>\n<p><a href=\"https:\/\/www.expressen.se\/kvallsposten\/efter-kritiken-nu-tas-beslut-om-hbtq-tavlan-ska-tas-ner-\/\" target=\"_blank\" rel=\"noopener noreferrer\"><strong>Kyrkans HBTQ-tavla kan plockas ner efter kritiken &#8211; expressen.se<\/strong><\/a><\/p>\n<p>&nbsp;<\/p>\n<div class=\"td-module-meta-info\"><\/div>\n<p>[\/vc_column_text][\/vc_column_inner][vc_column_inner width=&#8221;1\/3&#8243;][vc_empty_space][vc_column_text css=&#8221;.vc_custom_1576069986114{padding-top: 24px !important;padding-right: 24px !important;padding-bottom: 24px !important;padding-left: 24px !important;}&#8221;]<\/p>\n<h6>&#8221;Sveriges f\u00f6rsta hbtq-altartavla blev inte l\u00e5nglivad. Elisabeth Ohlsons \u201dParadiset\u201d flyttas ut ur kyrkorummet i S:t Pauli kyrka i Malm\u00f6 \u2013 den l\u00e4mnar f\u00f6r m\u00e5nga obesvarade fr\u00e5gor, anser kyrkoherden&#8221;<\/h6>\n<p>dn.se[\/vc_column_text][vc_empty_space][vc_column_text css=&#8221;.vc_custom_1576099077623{padding-top: 24px !important;padding-right: 24px !important;padding-bottom: 24px !important;padding-left: 24px !important;background-color: #ffffff !important;}&#8221;]<em>Internationell media:<\/em><\/p>\n<p class=\"t-content__title a-page-title\"><a href=\"http:\/\/www.rfi.fr\/en\/wires\/20191211-gay-altarpiece-original-sin-makes-waves-sweden?fbclid=IwAR38EkGwgYWvIlMMVm20xGP71Ql5p8aQj348JOKmgyU6G7UKXylglwXjHvA\" target=\"_blank\" rel=\"noopener noreferrer\"><strong>Gay altarpiece of original sin makes waves in Sweden &#8211;\u00a0<\/strong><b>refi.fr<\/b><\/a><\/p>\n<p class=\"itemTitle\"><a href=\"https:\/\/www.thenewamerican.com\/culture\/faith-and-morals\/item\/34259-altered-altarpiece-church-replaces-adam-and-eve-with-adam-and-steve\" target=\"_blank\" rel=\"noopener noreferrer\"><strong>Altered Altarpiece: Church Replaces Adam and Eve With Adam and Steve &#8211;\u00a0<\/strong><b>newamevican.com<\/b><\/a><\/p>\n<p class=\"articleTitle\"><a href=\"https:\/\/www.advocate.com\/world\/2019\/12\/02\/church-sweden-displays-queer-affirming-paradise-artwork\" target=\"_blank\" rel=\"noopener noreferrer\"><strong>Church of Sweden Displays Queer-Affirming &#8217;Paradise&#8217; Artwork &#8211; advocate.com<\/strong><\/a><\/p>\n<p class=\"content-header__row content-header__hed\"><a href=\"https:\/\/www.them.us\/story\/queer-couples-adam-and-eve-sweden-altarpiece\" target=\"_blank\" rel=\"noopener noreferrer\"><strong>Queer Couples Replace Adam and Eve in Church of Sweden Altarpiece &#8211; them.us<\/strong><\/a><\/p>\n<p><a href=\"http:\/\/www.tersbakis.com\/news\/17697\/church-of-sweden-shamed-for-political-activism-as-it-unveils-first-lgbt-themed-altarpiece\/\" target=\"_blank\" rel=\"noopener noreferrer\"><strong>CHURCH OF SWEDEN SHAMED FOR \u2018POL\u0130T\u0130CAL ACT\u0130V\u0130SM\u2019 AS IT UNVE\u0130LS F\u0130RST LGBT-THEMED ALTARP\u0130ECE &#8211; tersbakis.com<\/strong><\/a>[\/vc_column_text][\/vc_column_inner][\/vc_row_inner][vc_empty_space height=&#8221;72px&#8221;][vc_empty_space height=&#8221;4px&#8221;][\/vc_column][\/vc_row]<\/p>\n<\/div>","protected":false},"excerpt":{"rendered":"<p>[vc_row css_animation=&#8221;&#8221; row_type=&#8221;row&#8221; use_row_as_full_screen_section=&#8221;yes&#8221; type=&#8221;full_width&#8221; angled_section=&#8221;no&#8221; text_align=&#8221;left&#8221; background_image_as_pattern=&#8221;without_pattern&#8221; background_image=&#8221;580&#8243; css=&#8221;.vc_custom_1576055865524{padding-top: 58px !important;padding-bottom: 50px !important;background-color: #828282 !important;}&#8221; z_index=&#8221;&#8221;][vc_column][vc_empty_space height=&#8221;500px&#8221;][vc_column_text css=&#8221;.vc_custom_1576066651671{padding-top: 14px !important;padding-right: 20px !important;padding-bottom: 14px !important;padding-left: 20px !important;background-color: #000000 !important;}&#8221;] Altartavlan tas ned, se pressmeddelande fr\u00e5n Svenska Kyrkan. [\/vc_column_text][vc_empty_space height=&#8221;400px&#8221;][\/vc_column][\/vc_row][vc_row css_animation=&#8221;&#8221; row_type=&#8221;row&#8221; use_row_as_full_screen_section=&#8221;no&#8221; type=&#8221;grid&#8221; angled_section=&#8221;no&#8221; text_align=&#8221;center&#8221;&#8230;<\/p>\n","protected":false},"author":1,"featured_media":0,"parent":0,"menu_order":0,"comment_status":"closed","ping_status":"closed","template":"","meta":{"footnotes":""},"class_list":["post-643","page","type-page","status-publish","hentry"],"_links":{"self":[{"href":"https:\/\/ohlson.se\/index.php\/wp-json\/wp\/v2\/pages\/643","targetHints":{"allow":["GET"]}}],"collection":[{"href":"https:\/\/ohlson.se\/index.php\/wp-json\/wp\/v2\/pages"}],"about":[{"href":"https:\/\/ohlson.se\/index.php\/wp-json\/wp\/v2\/types\/page"}],"author":[{"embeddable":true,"href":"https:\/\/ohlson.se\/index.php\/wp-json\/wp\/v2\/users\/1"}],"replies":[{"embeddable":true,"href":"https:\/\/ohlson.se\/index.php\/wp-json\/wp\/v2\/comments?post=643"}],"version-history":[{"count":3,"href":"https:\/\/ohlson.se\/index.php\/wp-json\/wp\/v2\/pages\/643\/revisions"}],"predecessor-version":[{"id":647,"href":"https:\/\/ohlson.se\/index.php\/wp-json\/wp\/v2\/pages\/643\/revisions\/647"}],"wp:attachment":[{"href":"https:\/\/ohlson.se\/index.php\/wp-json\/wp\/v2\/media?parent=643"}],"curies":[{"name":"wp","href":"https:\/\/api.w.org\/{rel}","templated":true}]}}