{"id":98,"date":"2018-01-29T14:14:36","date_gmt":"2018-01-29T13:14:36","guid":{"rendered":"http:\/\/bridge143.qodeinteractive.com\/?page_id=98"},"modified":"2025-08-28T15:43:10","modified_gmt":"2025-08-28T13:43:10","slug":"kontakt","status":"publish","type":"page","link":"https:\/\/ohlson.se\/index.php\/kontakt\/","title":{"rendered":"Kontakt"},"content":{"rendered":"<div class=\"wpb-content-wrapper\"><p>[vc_row css_animation=&#8221;&#8221; row_type=&#8221;row&#8221; use_row_as_full_screen_section=&#8221;yes&#8221; type=&#8221;full_width&#8221; angled_section=&#8221;no&#8221; text_align=&#8221;left&#8221; background_image_as_pattern=&#8221;without_pattern&#8221; z_index=&#8221;&#8221;][vc_column][vc_single_image image=&#8221;491&#8243; img_size=&#8221;full&#8221; qode_css_animation=&#8221;element_from_fade&#8221;][\/vc_column][\/vc_row][vc_row css_animation=&#8221;&#8221; row_type=&#8221;row&#8221; use_row_as_full_screen_section=&#8221;no&#8221; type=&#8221;grid&#8221; angled_section=&#8221;no&#8221; text_align=&#8221;left&#8221; background_image_as_pattern=&#8221;without_pattern&#8221; z_index=&#8221;&#8221; css=&#8221;.vc_custom_1517236936200{padding-top: 115px !important;padding-bottom: 72px !important;}&#8221;][vc_column offset=&#8221;vc_col-lg-6 vc_col-md-6&#8243;][vc_gmaps link=&#8221;#E-8_JTNDaWZyYW1lJTIwc3JjJTNEJTIyaHR0cHMlM0ElMkYlMkZ3d3cuZ29vZ2xlLmNvbSUyRm1hcHMlMkZlbWJlZCUzRnBiJTNEJTIxMW0xOCUyMTFtMTIlMjExbTMlMjExZDIwMzYuMDQ0NDUyMTQxNjcxNCUyMTJkMTguMDI4MTc0MzE2MTUzMzQ3JTIxM2Q1OS4zMTU1MTQ2ODE2NTQwNCUyMTJtMyUyMTFmMCUyMTJmMCUyMTNmMCUyMTNtMiUyMTFpMTAyNCUyMTJpNzY4JTIxNGYxMy4xJTIxM20zJTIxMW0yJTIxMXMweDQ2NWY3N2M1ODJlNzAyY2YlMjUzQTB4N2M2ZTg2NTk5MmVkOTY1YSUyMTJzQmVyZ3N1bmRzJTJCc3RyYW5kJTI1MkMlMkIxMTclMkIzOCUyQlN0b2NraG9sbSUyMTVlMCUyMTNtMiUyMTFzc3YlMjEyc3NlJTIxNHYxNTE5ODI2ODMxMDIwJTIyJTIwd2lkdGglM0QlMjI2MDAlMjIlMjBoZWlnaHQlM0QlMjI0NTAlMjIlMjBmcmFtZWJvcmRlciUzRCUyMjAlMjIlMjBzdHlsZSUzRCUyMmJvcmRlciUzQTAlMjIlMjBhbGxvd2Z1bGxzY3JlZW4lM0UlM0MlMkZpZnJhbWUlM0U=&#8221;][\/vc_column][vc_column offset=&#8221;vc_col-lg-6 vc_col-md-6&#8243;][qode_elements_holder number_of_columns=&#8221;one_column&#8221;][qode_elements_holder_item advanced_animations=&#8221;no&#8221; item_padding=&#8221;0px 160px 0 32px&#8221; item_padding_1024_1280=&#8221;0px 56px 0 32px&#8221; item_padding_768_1024=&#8221;0px 47px 0 32px&#8221; item_padding_480=&#8221;0px 9px 0 0px&#8221;][vc_column_text]<\/p>\n<h2>Studion<\/h2>\n<p>[\/vc_column_text][vc_empty_space height=&#8221;20px&#8221;][vc_column_text css=&#8221;&#8221;]F\u00f6r kontakt g\u00e4llande bilder, utst\u00e4llningar mm:<\/p>\n<p><strong>Minna Str\u00f6mberg Wallin<\/strong><\/p>\n<p>0707-997278 (sms)<\/p>\n<p><a href=\"mailto:minna@minna.se\">minna@minna.se<\/a><\/p>\n<p>&nbsp;<\/p>\n<p>F\u00f6r best\u00e4llning av b\u00f6cker maila <a href=\"mailto:minna@minna.se\">minna@minna.se<\/a><a href=\"mailto:minna@minna.se\">.<\/a><\/p>\n<p>&nbsp;<\/p>\n<p><a href=\"http:\/\/www.butch.se\" target=\"_blank\" rel=\"noopener\">www.butch.se<\/a> &#8211; v\u00e5r byr\u00e5 som erbjuder, web, foto, film och grafisk form.[\/vc_column_text][vc_empty_space height=&#8221;27px&#8221;][\/qode_elements_holder_item][\/qode_elements_holder][\/vc_column][\/vc_row]<\/p>\n<\/div>","protected":false},"excerpt":{"rendered":"<p>[vc_row css_animation=&#8221;&#8221; row_type=&#8221;row&#8221; use_row_as_full_screen_section=&#8221;yes&#8221; type=&#8221;full_width&#8221; angled_section=&#8221;no&#8221; text_align=&#8221;left&#8221; background_image_as_pattern=&#8221;without_pattern&#8221; z_index=&#8221;&#8221;][vc_column][vc_single_image image=&#8221;491&#8243; img_size=&#8221;full&#8221; qode_css_animation=&#8221;element_from_fade&#8221;][\/vc_column][\/vc_row][vc_row css_animation=&#8221;&#8221; row_type=&#8221;row&#8221; use_row_as_full_screen_section=&#8221;no&#8221; type=&#8221;grid&#8221; angled_section=&#8221;no&#8221; text_align=&#8221;left&#8221; background_image_as_pattern=&#8221;without_pattern&#8221; z_index=&#8221;&#8221; css=&#8221;.vc_custom_1517236936200{padding-top: 115px !important;padding-bottom: 72px !important;}&#8221;][vc_column offset=&#8221;vc_col-lg-6 vc_col-md-6&#8243;][vc_gmaps link=&#8221;#E-8_JTNDaWZyYW1lJTIwc3JjJTNEJTIyaHR0cHMlM0ElMkYlMkZ3d3cuZ29vZ2xlLmNvbSUyRm1hcHMlMkZlbWJlZCUzRnBiJTNEJTIxMW0xOCUyMTFtMTIlMjExbTMlMjExZDIwMzYuMDQ0NDUyMTQxNjcxNCUyMTJkMTguMDI4MTc0MzE2MTUzMzQ3JTIxM2Q1OS4zMTU1MTQ2ODE2NTQwNCUyMTJtMyUyMTFmMCUyMTJmMCUyMTNmMCUyMTNtMiUyMTFpMTAyNCUyMTJpNzY4JTIxNGYxMy4xJTIxM20zJTIxMW0yJTIxMXMweDQ2NWY3N2M1ODJlNzAyY2YlMjUzQTB4N2M2ZTg2NTk5MmVkOTY1YSUyMTJzQmVyZ3N1bmRzJTJCc3RyYW5kJTI1MkMlMkIxMTclMkIzOCUyQlN0b2NraG9sbSUyMTVlMCUyMTNtMiUyMTFzc3YlMjEyc3NlJTIxNHYxNTE5ODI2ODMxMDIwJTIyJTIwd2lkdGglM0QlMjI2MDAlMjIlMjBoZWlnaHQlM0QlMjI0NTAlMjIlMjBmcmFtZWJvcmRlciUzRCUyMjAlMjIlMjBzdHlsZSUzRCUyMmJvcmRlciUzQTAlMjIlMjBhbGxvd2Z1bGxzY3JlZW4lM0UlM0MlMkZpZnJhbWUlM0U=&#8221;][\/vc_column][vc_column offset=&#8221;vc_col-lg-6 vc_col-md-6&#8243;][qode_elements_holder number_of_columns=&#8221;one_column&#8221;][qode_elements_holder_item advanced_animations=&#8221;no&#8221; item_padding=&#8221;0px 160px 0 32px&#8221; item_padding_1024_1280=&#8221;0px 56px 0 32px&#8221; item_padding_768_1024=&#8221;0px 47px 0 32px&#8221; item_padding_480=&#8221;0px&#8230;<\/p>\n","protected":false},"author":1,"featured_media":0,"parent":0,"menu_order":0,"comment_status":"closed","ping_status":"closed","template":"full_width.php","meta":{"footnotes":""},"class_list":["post-98","page","type-page","status-publish","hentry"],"_links":{"self":[{"href":"https:\/\/ohlson.se\/index.php\/wp-json\/wp\/v2\/pages\/98","targetHints":{"allow":["GET"]}}],"collection":[{"href":"https:\/\/ohlson.se\/index.php\/wp-json\/wp\/v2\/pages"}],"about":[{"href":"https:\/\/ohlson.se\/index.php\/wp-json\/wp\/v2\/types\/page"}],"author":[{"embeddable":true,"href":"https:\/\/ohlson.se\/index.php\/wp-json\/wp\/v2\/users\/1"}],"replies":[{"embeddable":true,"href":"https:\/\/ohlson.se\/index.php\/wp-json\/wp\/v2\/comments?post=98"}],"version-history":[{"count":16,"href":"https:\/\/ohlson.se\/index.php\/wp-json\/wp\/v2\/pages\/98\/revisions"}],"predecessor-version":[{"id":816,"href":"https:\/\/ohlson.se\/index.php\/wp-json\/wp\/v2\/pages\/98\/revisions\/816"}],"wp:attachment":[{"href":"https:\/\/ohlson.se\/index.php\/wp-json\/wp\/v2\/media?parent=98"}],"curies":[{"name":"wp","href":"https:\/\/api.w.org\/{rel}","templated":true}]}}